{"id":63589,"date":"2020-07-03T07:11:41","date_gmt":"2020-07-03T06:11:41","guid":{"rendered":"https:\/\/www.mt2trading.com\/funcionalidades\/signal-builder\/"},"modified":"2020-11-03T23:19:15","modified_gmt":"2020-11-03T23:19:15","slug":"signal-builder","status":"publish","type":"page","link":"https:\/\/www.mt2trading.com\/es\/funcionalidades\/signal-builder\/","title":{"rendered":"Signal builder"},"content":{"rendered":"","protected":false},"excerpt":{"rendered":"","protected":false},"author":956,"featured_media":0,"parent":60665,"menu_order":0,"comment_status":"closed","ping_status":"closed","template":"tpl-page-feature-two.php","meta":{"om_disable_all_campaigns":false,"inline_featured_image":false,"_mi_skip_tracking":false,"_monsterinsights_sitenote_active":false,"_monsterinsights_sitenote_note":"","_monsterinsights_sitenote_category":0,"footnotes":""},"class_list":["post-63589","page","type-page","status-publish","hentry"],"acf":[],"aioseo_notices":[],"yoast_head":"<!-- This site is optimized with the Yoast SEO Premium plugin v20.6 (Yoast SEO v21.4) - https:\/\/yoast.com\/wordpress\/plugins\/seo\/ -->\n<title>Signal builder - MT2Trading<\/title>\n<meta name=\"description\" content=\"Aprenda a construir sus se\u00f1ales combinando poderosos indicadores t\u00e9cnicos y pru\u00e9belos en MetaTrader 4\/5 sin arriesgar su capital usando un backtester preciso.\" \/>\n<meta name=\"robots\" content=\"index, follow, max-snippet:-1, max-image-preview:large, max-video-preview:-1\" \/>\n<link rel=\"canonical\" href=\"https:\/\/www.mt2trading.com\/es\/funcionalidades\/signal-builder\/\" \/>\n<meta property=\"og:locale\" content=\"es_ES\" \/>\n<meta property=\"og:type\" content=\"article\" \/>\n<meta property=\"og:title\" content=\"Signal builder\" \/>\n<meta property=\"og:description\" content=\"Aprenda a construir sus se\u00f1ales combinando poderosos indicadores t\u00e9cnicos y pru\u00e9belos en MetaTrader 4\/5 sin arriesgar su capital usando un backtester preciso.\" \/>\n<meta property=\"og:url\" content=\"https:\/\/www.mt2trading.com\/es\/funcionalidades\/signal-builder\/\" \/>\n<meta property=\"og:site_name\" content=\"MT2Trading\" \/>\n<meta property=\"article:publisher\" content=\"https:\/\/www.facebook.com\/mt2trading\" \/>\n<meta property=\"article:modified_time\" content=\"2020-11-03T23:19:15+00:00\" \/>\n<meta property=\"og:image\" content=\"https:\/\/www.mt2trading.com\/wp-content\/uploads\/2019\/07\/MT2TRADING-02-200.png\" \/>\n\t<meta property=\"og:image:width\" content=\"200\" \/>\n\t<meta property=\"og:image:height\" content=\"200\" \/>\n\t<meta property=\"og:image:type\" content=\"image\/png\" \/>\n<script type=\"application\/ld+json\" class=\"yoast-schema-graph\">{\"@context\":\"https:\/\/schema.org\",\"@graph\":[{\"@type\":\"WebPage\",\"@id\":\"https:\/\/www.mt2trading.com\/es\/funcionalidades\/signal-builder\/\",\"url\":\"https:\/\/www.mt2trading.com\/es\/funcionalidades\/signal-builder\/\",\"name\":\"Signal builder - MT2Trading\",\"isPartOf\":{\"@id\":\"https:\/\/www.mt2trading.com\/es\/#website\"},\"datePublished\":\"2020-07-03T06:11:41+00:00\",\"dateModified\":\"2020-11-03T23:19:15+00:00\",\"description\":\"Aprenda a construir sus se\u00f1ales combinando poderosos indicadores t\u00e9cnicos y pru\u00e9belos en MetaTrader 4\/5 sin arriesgar su capital usando un backtester preciso.\",\"breadcrumb\":{\"@id\":\"https:\/\/www.mt2trading.com\/es\/funcionalidades\/signal-builder\/#breadcrumb\"},\"inLanguage\":\"es\",\"potentialAction\":[{\"@type\":\"ReadAction\",\"target\":[\"https:\/\/www.mt2trading.com\/es\/funcionalidades\/signal-builder\/\"]}]},{\"@type\":\"BreadcrumbList\",\"@id\":\"https:\/\/www.mt2trading.com\/es\/funcionalidades\/signal-builder\/#breadcrumb\",\"itemListElement\":[{\"@type\":\"ListItem\",\"position\":1,\"name\":\"Home\",\"item\":\"https:\/\/www.mt2trading.com\/es\/\"},{\"@type\":\"ListItem\",\"position\":2,\"name\":\"Funciones\",\"item\":\"https:\/\/www.mt2trading.com\/es\/funcionalidades\/\"},{\"@type\":\"ListItem\",\"position\":3,\"name\":\"Signal builder\"}]},{\"@type\":\"WebSite\",\"@id\":\"https:\/\/www.mt2trading.com\/es\/#website\",\"url\":\"https:\/\/www.mt2trading.com\/es\/\",\"name\":\"MT2Trading\",\"description\":\"Automated Trading Platform Robot for MetaTrader 4\/5\",\"publisher\":{\"@id\":\"https:\/\/www.mt2trading.com\/es\/#organization\"},\"potentialAction\":[{\"@type\":\"SearchAction\",\"target\":{\"@type\":\"EntryPoint\",\"urlTemplate\":\"https:\/\/www.mt2trading.com\/es\/?s={search_term_string}\"},\"query-input\":\"required name=search_term_string\"}],\"inLanguage\":\"es\"},{\"@type\":\"Organization\",\"@id\":\"https:\/\/www.mt2trading.com\/es\/#organization\",\"name\":\"MT2 Trading\",\"url\":\"https:\/\/www.mt2trading.com\/es\/\",\"logo\":{\"@type\":\"ImageObject\",\"inLanguage\":\"es\",\"@id\":\"https:\/\/www.mt2trading.com\/es\/#\/schema\/logo\/image\/\",\"url\":\"https:\/\/www.mt2trading.com\/wp-content\/uploads\/2019\/07\/MT2TRADING-02-200.png\",\"contentUrl\":\"https:\/\/www.mt2trading.com\/wp-content\/uploads\/2019\/07\/MT2TRADING-02-200.png\",\"width\":200,\"height\":200,\"caption\":\"MT2 Trading\"},\"image\":{\"@id\":\"https:\/\/www.mt2trading.com\/es\/#\/schema\/logo\/image\/\"},\"sameAs\":[\"https:\/\/www.facebook.com\/mt2trading\",\"https:\/\/www.instagram.com\/mt2trading\",\"https:\/\/www.youtube.com\/channel\/UCXxhCowIGUAcSz-KVNp3QUw\"]}]}<\/script>\n<!-- \/ Yoast SEO Premium plugin. -->","yoast_head_json":{"title":"Signal builder - MT2Trading","description":"Aprenda a construir sus se\u00f1ales combinando poderosos indicadores t\u00e9cnicos y pru\u00e9belos en MetaTrader 4\/5 sin arriesgar su capital usando un backtester preciso.","robots":{"index":"index","follow":"follow","max-snippet":"max-snippet:-1","max-image-preview":"max-image-preview:large","max-video-preview":"max-video-preview:-1"},"canonical":"https:\/\/www.mt2trading.com\/es\/funcionalidades\/signal-builder\/","og_locale":"es_ES","og_type":"article","og_title":"Signal builder","og_description":"Aprenda a construir sus se\u00f1ales combinando poderosos indicadores t\u00e9cnicos y pru\u00e9belos en MetaTrader 4\/5 sin arriesgar su capital usando un backtester preciso.","og_url":"https:\/\/www.mt2trading.com\/es\/funcionalidades\/signal-builder\/","og_site_name":"MT2Trading","article_publisher":"https:\/\/www.facebook.com\/mt2trading","article_modified_time":"2020-11-03T23:19:15+00:00","og_image":[{"width":200,"height":200,"url":"https:\/\/www.mt2trading.com\/wp-content\/uploads\/2019\/07\/MT2TRADING-02-200.png","type":"image\/png"}],"schema":{"@context":"https:\/\/schema.org","@graph":[{"@type":"WebPage","@id":"https:\/\/www.mt2trading.com\/es\/funcionalidades\/signal-builder\/","url":"https:\/\/www.mt2trading.com\/es\/funcionalidades\/signal-builder\/","name":"Signal builder - MT2Trading","isPartOf":{"@id":"https:\/\/www.mt2trading.com\/es\/#website"},"datePublished":"2020-07-03T06:11:41+00:00","dateModified":"2020-11-03T23:19:15+00:00","description":"Aprenda a construir sus se\u00f1ales combinando poderosos indicadores t\u00e9cnicos y pru\u00e9belos en MetaTrader 4\/5 sin arriesgar su capital usando un backtester preciso.","breadcrumb":{"@id":"https:\/\/www.mt2trading.com\/es\/funcionalidades\/signal-builder\/#breadcrumb"},"inLanguage":"es","potentialAction":[{"@type":"ReadAction","target":["https:\/\/www.mt2trading.com\/es\/funcionalidades\/signal-builder\/"]}]},{"@type":"BreadcrumbList","@id":"https:\/\/www.mt2trading.com\/es\/funcionalidades\/signal-builder\/#breadcrumb","itemListElement":[{"@type":"ListItem","position":1,"name":"Home","item":"https:\/\/www.mt2trading.com\/es\/"},{"@type":"ListItem","position":2,"name":"Funciones","item":"https:\/\/www.mt2trading.com\/es\/funcionalidades\/"},{"@type":"ListItem","position":3,"name":"Signal builder"}]},{"@type":"WebSite","@id":"https:\/\/www.mt2trading.com\/es\/#website","url":"https:\/\/www.mt2trading.com\/es\/","name":"MT2Trading","description":"Automated Trading Platform Robot for MetaTrader 4\/5","publisher":{"@id":"https:\/\/www.mt2trading.com\/es\/#organization"},"potentialAction":[{"@type":"SearchAction","target":{"@type":"EntryPoint","urlTemplate":"https:\/\/www.mt2trading.com\/es\/?s={search_term_string}"},"query-input":"required name=search_term_string"}],"inLanguage":"es"},{"@type":"Organization","@id":"https:\/\/www.mt2trading.com\/es\/#organization","name":"MT2 Trading","url":"https:\/\/www.mt2trading.com\/es\/","logo":{"@type":"ImageObject","inLanguage":"es","@id":"https:\/\/www.mt2trading.com\/es\/#\/schema\/logo\/image\/","url":"https:\/\/www.mt2trading.com\/wp-content\/uploads\/2019\/07\/MT2TRADING-02-200.png","contentUrl":"https:\/\/www.mt2trading.com\/wp-content\/uploads\/2019\/07\/MT2TRADING-02-200.png","width":200,"height":200,"caption":"MT2 Trading"},"image":{"@id":"https:\/\/www.mt2trading.com\/es\/#\/schema\/logo\/image\/"},"sameAs":["https:\/\/www.facebook.com\/mt2trading","https:\/\/www.instagram.com\/mt2trading","https:\/\/www.youtube.com\/channel\/UCXxhCowIGUAcSz-KVNp3QUw"]}]}},"_links":{"self":[{"href":"https:\/\/www.mt2trading.com\/es\/wp-json\/wp\/v2\/pages\/63589","targetHints":{"allow":["GET"]}}],"collection":[{"href":"https:\/\/www.mt2trading.com\/es\/wp-json\/wp\/v2\/pages"}],"about":[{"href":"https:\/\/www.mt2trading.com\/es\/wp-json\/wp\/v2\/types\/page"}],"author":[{"embeddable":true,"href":"https:\/\/www.mt2trading.com\/es\/wp-json\/wp\/v2\/users\/956"}],"replies":[{"embeddable":true,"href":"https:\/\/www.mt2trading.com\/es\/wp-json\/wp\/v2\/comments?post=63589"}],"version-history":[{"count":0,"href":"https:\/\/www.mt2trading.com\/es\/wp-json\/wp\/v2\/pages\/63589\/revisions"}],"up":[{"embeddable":true,"href":"https:\/\/www.mt2trading.com\/es\/wp-json\/wp\/v2\/pages\/60665"}],"wp:attachment":[{"href":"https:\/\/www.mt2trading.com\/es\/wp-json\/wp\/v2\/media?parent=63589"}],"curies":[{"name":"wp","href":"https:\/\/api.w.org\/{rel}","templated":true}]}}