{"id":2618,"date":"2019-08-08T01:03:12","date_gmt":"2019-08-08T00:03:12","guid":{"rendered":"http:\/\/www.mt2trading.com\/solicitacao-de-acesso-ao-grupo-vip-telegram\/"},"modified":"2021-06-07T20:45:35","modified_gmt":"2021-06-07T19:45:35","slug":"acesso-vip","status":"publish","type":"page","link":"https:\/\/www.mt2trading.com\/pt-br\/acesso-vip\/","title":{"rendered":"Solicita\u00e7\u00e3o de acesso ao grupo VIP Telegram"},"content":{"rendered":"<p>[fusion_builder_container hundred_percent=&#8221;no&#8221; hundred_percent_height=&#8221;no&#8221; hundred_percent_height_scroll=&#8221;no&#8221; hundred_percent_height_center_content=&#8221;yes&#8221; equal_height_columns=&#8221;no&#8221; menu_anchor=&#8221;&#8221; hide_on_mobile=&#8221;small-visibility,medium-visibility,large-visibility&#8221; status=&#8221;published&#8221; publish_date=&#8221;&#8221; class=&#8221;&#8221; id=&#8221;demo-section&#8221; background_color=&#8221;#ffffff&#8221; background_image=&#8221;https:\/\/www.mt2trading.com\/wp-content\/uploads\/img\/platform-bg.png&#8221; background_position=&#8221;center center&#8221; background_repeat=&#8221;repeat-y&#8221; fade=&#8221;no&#8221; background_parallax=&#8221;none&#8221; enable_mobile=&#8221;no&#8221; parallax_speed=&#8221;0.3&#8243; video_mp4=&#8221;&#8221; video_webm=&#8221;&#8221; video_ogv=&#8221;&#8221; video_url=&#8221;&#8221; video_aspect_ratio=&#8221;16:9&#8243; video_loop=&#8221;yes&#8221; video_mute=&#8221;yes&#8221; video_preview_image=&#8221;&#8221; border_size=&#8221;&#8221; border_color=&#8221;&#8221; border_style=&#8221;solid&#8221; margin_top=&#8221;&#8221; margin_bottom=&#8221;&#8221; padding_top=&#8221;50px&#8221; padding_right=&#8221;&#8221; padding_bottom=&#8221;50PX&#8221; padding_left=&#8221;&#8221; admin_toggled=&#8221;no&#8221;][fusion_builder_row][fusion_builder_column type=&#8221;1_1&#8243; layout=&#8221;1_1&#8243; spacing=&#8221;&#8221; center_content=&#8221;no&#8221; link=&#8221;&#8221; target=&#8221;_self&#8221; min_height=&#8221;&#8221; hide_on_mobile=&#8221;small-visibility,medium-visibility,large-visibility&#8221; class=&#8221;padding-container-200&#8243; id=&#8221;download-container&#8221; background_image_id=&#8221;&#8221; background_color=&#8221;rgba(255,255,255,0.67)&#8221; background_image=&#8221;&#8221; background_position=&#8221;left top&#8221; undefined=&#8221;&#8221; background_repeat=&#8221;no-repeat&#8221; hover_type=&#8221;none&#8221; border_size=&#8221;1&#8243; border_color=&#8221;#ededed&#8221; border_style=&#8221;solid&#8221; border_position=&#8221;all&#8221; border_radius_top_left=&#8221;&#8221; border_radius_top_right=&#8221;&#8221; border_radius_bottom_left=&#8221;&#8221; border_radius_bottom_right=&#8221;&#8221; box_shadow=&#8221;no&#8221; box_shadow_vertical=&#8221;&#8221; box_shadow_horizontal=&#8221;&#8221; box_shadow_blur=&#8221;&#8221; box_shadow_spread=&#8221;&#8221; box_shadow_color=&#8221;&#8221; box_shadow_style=&#8221;&#8221; padding_top=&#8221;20px&#8221; padding_right=&#8221;50px&#8221; padding_bottom=&#8221;50px&#8221; padding_left=&#8221;50px&#8221; margin_top=&#8221;&#8221; margin_bottom=&#8221;&#8221; animation_type=&#8221;&#8221; animation_direction=&#8221;left&#8221; animation_speed=&#8221;0.3&#8243; animation_offset=&#8221;&#8221; last=&#8221;no&#8221;][fusion_text columns=&#8221;&#8221; column_min_width=&#8221;&#8221; column_spacing=&#8221;&#8221; rule_style=&#8221;default&#8221; rule_size=&#8221;&#8221; rule_color=&#8221;&#8221; hide_on_mobile=&#8221;small-visibility,medium-visibility,large-visibility&#8221; class=&#8221;&#8221; id=&#8221;&#8221;]<\/p>\n<h3 style=\"text-align: center;\">Solicita\u00e7\u00e3o de acesso ao grupo VIP Telegram<\/h3>\n<p>[\/fusion_text][fusion_text columns=&#8221;&#8221; column_min_width=&#8221;&#8221; column_spacing=&#8221;&#8221; rule_style=&#8221;default&#8221; rule_size=&#8221;&#8221; rule_color=&#8221;&#8221; hide_on_mobile=&#8221;small-visibility,medium-visibility,large-visibility&#8221; class=&#8221;&#8221; id=&#8221;&#8221;]<\/p>\n<p style=\"text-align: center;\">Para acessar nosso grupo VIP, voc\u00ea deve ter uma licen\u00e7a MT2 ativa.<br \/>\nPor favor preencha o formul\u00e1rio abaixo e n\u00f3s vamos adicion\u00e1-lo o mais rapidamente poss\u00edvel.<br \/>\n<span style=\"text-decoration: underline;\">Importante:<\/span> N\u00e3o podemos adicion\u00e1-lo pelo seu n\u00famero de telefone. Enviar usu\u00e1rio\/link Telegram<\/p>\n<p>[\/fusion_text][fusion_separator style_type=&#8221;default&#8221; hide_on_mobile=&#8221;small-visibility,medium-visibility,large-visibility&#8221; class=&#8221;&#8221; id=&#8221;&#8221; sep_color=&#8221;rgba(232,234,240,0)&#8221; top_margin=&#8221;40px&#8221; bottom_margin=&#8221;&#8221; border_size=&#8221;&#8221; icon=&#8221;&#8221; icon_circle=&#8221;&#8221; icon_circle_color=&#8221;&#8221; width=&#8221;&#8221; alignment=&#8221;center&#8221; \/][fusion_builder_row_inner][fusion_builder_column_inner type=&#8221;1_5&#8243; layout=&#8221;1_5&#8243; spacing=&#8221;&#8221; center_content=&#8221;no&#8221; hover_type=&#8221;none&#8221; link=&#8221;&#8221; target=&#8221;_self&#8221; min_height=&#8221;&#8221; hide_on_mobile=&#8221;small-visibility,medium-visibility,large-visibility&#8221; class=&#8221;&#8221; id=&#8221;&#8221; background_color=&#8221;&#8221; background_image=&#8221;&#8221; background_position=&#8221;left top&#8221; background_repeat=&#8221;no-repeat&#8221; border_size=&#8221;0&#8243; border_color=&#8221;&#8221; border_style=&#8221;solid&#8221; border_position=&#8221;all&#8221; border_radius=&#8221;&#8221; box_shadow=&#8221;no&#8221; dimension_box_shadow=&#8221;&#8221; box_shadow_blur=&#8221;0&#8243; box_shadow_spread=&#8221;0&#8243; box_shadow_color=&#8221;&#8221; box_shadow_style=&#8221;&#8221; padding_top=&#8221;&#8221; padding_right=&#8221;&#8221; padding_bottom=&#8221;&#8221; padding_left=&#8221;&#8221; dimension_margin=&#8221;&#8221; animation_type=&#8221;&#8221; animation_direction=&#8221;left&#8221; animation_speed=&#8221;0.3&#8243; animation_offset=&#8221;&#8221; last=&#8221;no&#8221; element_content=&#8221;&#8221;][\/fusion_builder_column_inner][fusion_builder_column_inner type=&#8221;3_5&#8243; layout=&#8221;3_5&#8243; spacing=&#8221;&#8221; center_content=&#8221;no&#8221; hover_type=&#8221;none&#8221; link=&#8221;&#8221; target=&#8221;_self&#8221; min_height=&#8221;&#8221; hide_on_mobile=&#8221;small-visibility,medium-visibility,large-visibility&#8221; class=&#8221;&#8221; id=&#8221;&#8221; background_color=&#8221;&#8221; background_image=&#8221;&#8221; background_position=&#8221;left top&#8221; background_repeat=&#8221;no-repeat&#8221; border_size=&#8221;0&#8243; border_color=&#8221;&#8221; border_style=&#8221;solid&#8221; border_position=&#8221;all&#8221; border_radius=&#8221;&#8221; box_shadow=&#8221;no&#8221; dimension_box_shadow=&#8221;&#8221; box_shadow_blur=&#8221;0&#8243; box_shadow_spread=&#8221;0&#8243; box_shadow_color=&#8221;&#8221; box_shadow_style=&#8221;&#8221; padding_top=&#8221;&#8221; padding_right=&#8221;&#8221; padding_bottom=&#8221;&#8221; padding_left=&#8221;&#8221; dimension_margin=&#8221;&#8221; animation_type=&#8221;&#8221; animation_direction=&#8221;left&#8221; animation_speed=&#8221;0.3&#8243; animation_offset=&#8221;&#8221; last=&#8221;no&#8221;][fusion_code]W2NvbnRhY3QtZm9ybS03IGlkPSIyNzQzIiB0aXRsZT0iVGVsZWdyYW0gVklQIFJlcXVlc3QgQlIiXQ==[\/fusion_code][\/fusion_builder_column_inner][fusion_builder_column_inner type=&#8221;1_5&#8243; layout=&#8221;1_5&#8243; spacing=&#8221;&#8221; center_content=&#8221;no&#8221; hover_type=&#8221;none&#8221; link=&#8221;&#8221; target=&#8221;_self&#8221; min_height=&#8221;&#8221; hide_on_mobile=&#8221;small-visibility,medium-visibility,large-visibility&#8221; class=&#8221;&#8221; id=&#8221;&#8221; background_color=&#8221;&#8221; background_image=&#8221;&#8221; background_position=&#8221;left top&#8221; background_repeat=&#8221;no-repeat&#8221; border_size=&#8221;0&#8243; border_color=&#8221;&#8221; border_style=&#8221;solid&#8221; border_position=&#8221;all&#8221; border_radius=&#8221;&#8221; box_shadow=&#8221;no&#8221; dimension_box_shadow=&#8221;&#8221; box_shadow_blur=&#8221;0&#8243; box_shadow_spread=&#8221;0&#8243; box_shadow_color=&#8221;&#8221; box_shadow_style=&#8221;&#8221; padding_top=&#8221;&#8221; padding_right=&#8221;&#8221; padding_bottom=&#8221;&#8221; padding_left=&#8221;&#8221; dimension_margin=&#8221;&#8221; animation_type=&#8221;&#8221; animation_direction=&#8221;left&#8221; animation_speed=&#8221;0.3&#8243; animation_offset=&#8221;&#8221; last=&#8221;no&#8221; element_content=&#8221;&#8221;][\/fusion_builder_column_inner][\/fusion_builder_row_inner][\/fusion_builder_column][\/fusion_builder_row][\/fusion_builder_container]<\/p>\n","protected":false},"excerpt":{"rendered":"<p>[fusion_builder_container hundred_percent=&#8221;no&#8221; hundred_percent_height=&#8221;no&#8221; hundred_percent_height_scroll=&#8221;no&#8221; hundred_percent_height_center_content=&#8221;yes&#8221; equal_height_columns=&#8221;no&#8221; menu_anchor=&#8221;&#8221; hide_on_mobile=&#8221;small-visibility,medium-visibility,large-visibility&#8221; status=&#8221;published&#8221; publish_date=&#8221;&#8221; class=&#8221;&#8221; id=&#8221;demo-section&#8221; background_color=&#8221;#ffffff&#8221; background_image=&#8221;https:\/\/www.mt2trading.com\/wp-content\/uploads\/img\/platform-bg.png&#8221; background_position=&#8221;center center&#8221; background_repeat=&#8221;repeat-y&#8221; fade=&#8221;no&#8221; background_parallax=&#8221;none&#8221; enable_mobile=&#8221;no&#8221; parallax_speed=&#8221;0.3&#8243; video_mp4=&#8221;&#8221; video_webm=&#8221;&#8221; video_ogv=&#8221;&#8221; video_url=&#8221;&#8221; video_aspect_ratio=&#8221;16:9&#8243; video_loop=&#8221;yes&#8221; video_mute=&#8221;yes&#8221; video_preview_image=&#8221;&#8221; border_size=&#8221;&#8221; border_color=&#8221;&#8221; border_style=&#8221;solid&#8221; margin_top=&#8221;&#8221; margin_bottom=&#8221;&#8221; padding_top=&#8221;50px&#8221; padding_right=&#8221;&#8221; padding_bottom=&#8221;50PX&#8221; padding_left=&#8221;&#8221; admin_toggled=&#8221;no&#8221;][fusion_builder_row][fusion_builder_column type=&#8221;1_1&#8243; layout=&#8221;1_1&#8243; spacing=&#8221;&#8221; center_content=&#8221;no&#8221; link=&#8221;&#8221; target=&#8221;_self&#8221; min_height=&#8221;&#8221; hide_on_mobile=&#8221;small-visibility,medium-visibility,large-visibility&#8221; class=&#8221;padding-container-200&#8243; id=&#8221;download-container&#8221; background_image_id=&#8221;&#8221; background_color=&#8221;rgba(255,255,255,0.67)&#8221; background_image=&#8221;&#8221; background_position=&#8221;left top&#8221; undefined=&#8221;&#8221; [&hellip;]<\/p>\n","protected":false},"author":10003,"featured_media":0,"parent":0,"menu_order":0,"comment_status":"closed","ping_status":"closed","template":"","meta":{"om_disable_all_campaigns":false,"inline_featured_image":false,"_mi_skip_tracking":false,"_monsterinsights_sitenote_active":false,"_monsterinsights_sitenote_note":"","_monsterinsights_sitenote_category":0,"footnotes":""},"class_list":["post-2618","page","type-page","status-publish","hentry"],"acf":[],"aioseo_notices":[],"yoast_head":"<!-- This site is optimized with the Yoast SEO Premium plugin v20.6 (Yoast SEO v21.4) - https:\/\/yoast.com\/wordpress\/plugins\/seo\/ -->\n<title>Solicita\u00e7\u00e3o de acesso ao grupo VIP Telegram - MT2Trading<\/title>\n<meta name=\"robots\" content=\"noindex, follow\" \/>\n<meta property=\"og:locale\" content=\"pt_BR\" \/>\n<meta property=\"og:type\" content=\"article\" \/>\n<meta property=\"og:title\" content=\"Solicita\u00e7\u00e3o de acesso ao grupo VIP Telegram\" \/>\n<meta property=\"og:description\" content=\"[fusion_builder_container hundred_percent=&#8221;no&#8221; hundred_percent_height=&#8221;no&#8221; hundred_percent_height_scroll=&#8221;no&#8221; hundred_percent_height_center_content=&#8221;yes&#8221; equal_height_columns=&#8221;no&#8221; menu_anchor=&#8221;&#8221; hide_on_mobile=&#8221;small-visibility,medium-visibility,large-visibility&#8221; status=&#8221;published&#8221; publish_date=&#8221;&#8221; class=&#8221;&#8221; id=&#8221;demo-section&#8221; background_color=&#8221;#ffffff&#8221; background_image=&#8221;https:\/\/www.mt2trading.com\/wp-content\/uploads\/img\/platform-bg.png&#8221; background_position=&#8221;center center&#8221; background_repeat=&#8221;repeat-y&#8221; fade=&#8221;no&#8221; background_parallax=&#8221;none&#8221; enable_mobile=&#8221;no&#8221; parallax_speed=&#8221;0.3&#8243; video_mp4=&#8221;&#8221; video_webm=&#8221;&#8221; video_ogv=&#8221;&#8221; video_url=&#8221;&#8221; video_aspect_ratio=&#8221;16:9&#8243; video_loop=&#8221;yes&#8221; video_mute=&#8221;yes&#8221; video_preview_image=&#8221;&#8221; border_size=&#8221;&#8221; border_color=&#8221;&#8221; border_style=&#8221;solid&#8221; margin_top=&#8221;&#8221; margin_bottom=&#8221;&#8221; padding_top=&#8221;50px&#8221; padding_right=&#8221;&#8221; padding_bottom=&#8221;50PX&#8221; padding_left=&#8221;&#8221; admin_toggled=&#8221;no&#8221;][fusion_builder_row][fusion_builder_column type=&#8221;1_1&#8243; layout=&#8221;1_1&#8243; spacing=&#8221;&#8221; center_content=&#8221;no&#8221; link=&#8221;&#8221; target=&#8221;_self&#8221; min_height=&#8221;&#8221; hide_on_mobile=&#8221;small-visibility,medium-visibility,large-visibility&#8221; class=&#8221;padding-container-200&#8243; id=&#8221;download-container&#8221; background_image_id=&#8221;&#8221; background_color=&#8221;rgba(255,255,255,0.67)&#8221; background_image=&#8221;&#8221; background_position=&#8221;left top&#8221; undefined=&#8221;&#8221; [&hellip;]\" \/>\n<meta property=\"og:url\" content=\"https:\/\/www.mt2trading.com\/pt-br\/acesso-vip\/\" \/>\n<meta property=\"og:site_name\" content=\"MT2Trading\" \/>\n<meta property=\"article:publisher\" content=\"https:\/\/www.facebook.com\/mt2trading\" \/>\n<meta property=\"article:modified_time\" content=\"2021-06-07T19:45:35+00:00\" \/>\n<meta property=\"og:image\" content=\"https:\/\/www.mt2trading.com\/wp-content\/uploads\/2019\/07\/MT2TRADING-02-200.png\" \/>\n\t<meta property=\"og:image:width\" content=\"200\" \/>\n\t<meta property=\"og:image:height\" content=\"200\" \/>\n\t<meta property=\"og:image:type\" content=\"image\/png\" \/>\n<meta name=\"twitter:label1\" content=\"Est. tempo de leitura\" \/>\n\t<meta name=\"twitter:data1\" content=\"3 minutos\" \/>\n<script type=\"application\/ld+json\" class=\"yoast-schema-graph\">{\"@context\":\"https:\/\/schema.org\",\"@graph\":[{\"@type\":\"WebPage\",\"@id\":\"https:\/\/www.mt2trading.com\/pt-br\/acesso-vip\/\",\"url\":\"https:\/\/www.mt2trading.com\/pt-br\/acesso-vip\/\",\"name\":\"Solicita\u00e7\u00e3o de acesso ao grupo VIP Telegram - MT2Trading\",\"isPartOf\":{\"@id\":\"https:\/\/www.mt2trading.com\/pt-br\/#website\"},\"datePublished\":\"2019-08-08T00:03:12+00:00\",\"dateModified\":\"2021-06-07T19:45:35+00:00\",\"breadcrumb\":{\"@id\":\"https:\/\/www.mt2trading.com\/pt-br\/acesso-vip\/#breadcrumb\"},\"inLanguage\":\"pt-BR\",\"potentialAction\":[{\"@type\":\"ReadAction\",\"target\":[\"https:\/\/www.mt2trading.com\/pt-br\/acesso-vip\/\"]}]},{\"@type\":\"BreadcrumbList\",\"@id\":\"https:\/\/www.mt2trading.com\/pt-br\/acesso-vip\/#breadcrumb\",\"itemListElement\":[{\"@type\":\"ListItem\",\"position\":1,\"name\":\"Home\",\"item\":\"https:\/\/www.mt2trading.com\/pt-br\/\"},{\"@type\":\"ListItem\",\"position\":2,\"name\":\"Solicita\u00e7\u00e3o de acesso ao grupo VIP Telegram\"}]},{\"@type\":\"WebSite\",\"@id\":\"https:\/\/www.mt2trading.com\/pt-br\/#website\",\"url\":\"https:\/\/www.mt2trading.com\/pt-br\/\",\"name\":\"MT2Trading\",\"description\":\"Automated Trading Platform Robot for MetaTrader 4\/5\",\"publisher\":{\"@id\":\"https:\/\/www.mt2trading.com\/pt-br\/#organization\"},\"potentialAction\":[{\"@type\":\"SearchAction\",\"target\":{\"@type\":\"EntryPoint\",\"urlTemplate\":\"https:\/\/www.mt2trading.com\/pt-br\/?s={search_term_string}\"},\"query-input\":\"required name=search_term_string\"}],\"inLanguage\":\"pt-BR\"},{\"@type\":\"Organization\",\"@id\":\"https:\/\/www.mt2trading.com\/pt-br\/#organization\",\"name\":\"MT2 Trading\",\"url\":\"https:\/\/www.mt2trading.com\/pt-br\/\",\"logo\":{\"@type\":\"ImageObject\",\"inLanguage\":\"pt-BR\",\"@id\":\"https:\/\/www.mt2trading.com\/pt-br\/#\/schema\/logo\/image\/\",\"url\":\"https:\/\/www.mt2trading.com\/wp-content\/uploads\/2019\/07\/MT2TRADING-02-200.png\",\"contentUrl\":\"https:\/\/www.mt2trading.com\/wp-content\/uploads\/2019\/07\/MT2TRADING-02-200.png\",\"width\":200,\"height\":200,\"caption\":\"MT2 Trading\"},\"image\":{\"@id\":\"https:\/\/www.mt2trading.com\/pt-br\/#\/schema\/logo\/image\/\"},\"sameAs\":[\"https:\/\/www.facebook.com\/mt2trading\",\"https:\/\/www.instagram.com\/mt2trading\",\"https:\/\/www.youtube.com\/channel\/UCXxhCowIGUAcSz-KVNp3QUw\"]}]}<\/script>\n<!-- \/ Yoast SEO Premium plugin. -->","yoast_head_json":{"title":"Solicita\u00e7\u00e3o de acesso ao grupo VIP Telegram - MT2Trading","robots":{"index":"noindex","follow":"follow"},"og_locale":"pt_BR","og_type":"article","og_title":"Solicita\u00e7\u00e3o de acesso ao grupo VIP Telegram","og_description":"[fusion_builder_container hundred_percent=&#8221;no&#8221; hundred_percent_height=&#8221;no&#8221; hundred_percent_height_scroll=&#8221;no&#8221; hundred_percent_height_center_content=&#8221;yes&#8221; equal_height_columns=&#8221;no&#8221; menu_anchor=&#8221;&#8221; hide_on_mobile=&#8221;small-visibility,medium-visibility,large-visibility&#8221; status=&#8221;published&#8221; publish_date=&#8221;&#8221; class=&#8221;&#8221; id=&#8221;demo-section&#8221; background_color=&#8221;#ffffff&#8221; background_image=&#8221;https:\/\/www.mt2trading.com\/wp-content\/uploads\/img\/platform-bg.png&#8221; background_position=&#8221;center center&#8221; background_repeat=&#8221;repeat-y&#8221; fade=&#8221;no&#8221; background_parallax=&#8221;none&#8221; enable_mobile=&#8221;no&#8221; parallax_speed=&#8221;0.3&#8243; video_mp4=&#8221;&#8221; video_webm=&#8221;&#8221; video_ogv=&#8221;&#8221; video_url=&#8221;&#8221; video_aspect_ratio=&#8221;16:9&#8243; video_loop=&#8221;yes&#8221; video_mute=&#8221;yes&#8221; video_preview_image=&#8221;&#8221; border_size=&#8221;&#8221; border_color=&#8221;&#8221; border_style=&#8221;solid&#8221; margin_top=&#8221;&#8221; margin_bottom=&#8221;&#8221; padding_top=&#8221;50px&#8221; padding_right=&#8221;&#8221; padding_bottom=&#8221;50PX&#8221; padding_left=&#8221;&#8221; admin_toggled=&#8221;no&#8221;][fusion_builder_row][fusion_builder_column type=&#8221;1_1&#8243; layout=&#8221;1_1&#8243; spacing=&#8221;&#8221; center_content=&#8221;no&#8221; link=&#8221;&#8221; target=&#8221;_self&#8221; min_height=&#8221;&#8221; hide_on_mobile=&#8221;small-visibility,medium-visibility,large-visibility&#8221; class=&#8221;padding-container-200&#8243; id=&#8221;download-container&#8221; background_image_id=&#8221;&#8221; background_color=&#8221;rgba(255,255,255,0.67)&#8221; background_image=&#8221;&#8221; background_position=&#8221;left top&#8221; undefined=&#8221;&#8221; [&hellip;]","og_url":"https:\/\/www.mt2trading.com\/pt-br\/acesso-vip\/","og_site_name":"MT2Trading","article_publisher":"https:\/\/www.facebook.com\/mt2trading","article_modified_time":"2021-06-07T19:45:35+00:00","og_image":[{"width":200,"height":200,"url":"https:\/\/www.mt2trading.com\/wp-content\/uploads\/2019\/07\/MT2TRADING-02-200.png","type":"image\/png"}],"twitter_misc":{"Est. tempo de leitura":"3 minutos"},"schema":{"@context":"https:\/\/schema.org","@graph":[{"@type":"WebPage","@id":"https:\/\/www.mt2trading.com\/pt-br\/acesso-vip\/","url":"https:\/\/www.mt2trading.com\/pt-br\/acesso-vip\/","name":"Solicita\u00e7\u00e3o de acesso ao grupo VIP Telegram - MT2Trading","isPartOf":{"@id":"https:\/\/www.mt2trading.com\/pt-br\/#website"},"datePublished":"2019-08-08T00:03:12+00:00","dateModified":"2021-06-07T19:45:35+00:00","breadcrumb":{"@id":"https:\/\/www.mt2trading.com\/pt-br\/acesso-vip\/#breadcrumb"},"inLanguage":"pt-BR","potentialAction":[{"@type":"ReadAction","target":["https:\/\/www.mt2trading.com\/pt-br\/acesso-vip\/"]}]},{"@type":"BreadcrumbList","@id":"https:\/\/www.mt2trading.com\/pt-br\/acesso-vip\/#breadcrumb","itemListElement":[{"@type":"ListItem","position":1,"name":"Home","item":"https:\/\/www.mt2trading.com\/pt-br\/"},{"@type":"ListItem","position":2,"name":"Solicita\u00e7\u00e3o de acesso ao grupo VIP Telegram"}]},{"@type":"WebSite","@id":"https:\/\/www.mt2trading.com\/pt-br\/#website","url":"https:\/\/www.mt2trading.com\/pt-br\/","name":"MT2Trading","description":"Automated Trading Platform Robot for MetaTrader 4\/5","publisher":{"@id":"https:\/\/www.mt2trading.com\/pt-br\/#organization"},"potentialAction":[{"@type":"SearchAction","target":{"@type":"EntryPoint","urlTemplate":"https:\/\/www.mt2trading.com\/pt-br\/?s={search_term_string}"},"query-input":"required name=search_term_string"}],"inLanguage":"pt-BR"},{"@type":"Organization","@id":"https:\/\/www.mt2trading.com\/pt-br\/#organization","name":"MT2 Trading","url":"https:\/\/www.mt2trading.com\/pt-br\/","logo":{"@type":"ImageObject","inLanguage":"pt-BR","@id":"https:\/\/www.mt2trading.com\/pt-br\/#\/schema\/logo\/image\/","url":"https:\/\/www.mt2trading.com\/wp-content\/uploads\/2019\/07\/MT2TRADING-02-200.png","contentUrl":"https:\/\/www.mt2trading.com\/wp-content\/uploads\/2019\/07\/MT2TRADING-02-200.png","width":200,"height":200,"caption":"MT2 Trading"},"image":{"@id":"https:\/\/www.mt2trading.com\/pt-br\/#\/schema\/logo\/image\/"},"sameAs":["https:\/\/www.facebook.com\/mt2trading","https:\/\/www.instagram.com\/mt2trading","https:\/\/www.youtube.com\/channel\/UCXxhCowIGUAcSz-KVNp3QUw"]}]}},"_links":{"self":[{"href":"https:\/\/www.mt2trading.com\/pt-br\/wp-json\/wp\/v2\/pages\/2618","targetHints":{"allow":["GET"]}}],"collection":[{"href":"https:\/\/www.mt2trading.com\/pt-br\/wp-json\/wp\/v2\/pages"}],"about":[{"href":"https:\/\/www.mt2trading.com\/pt-br\/wp-json\/wp\/v2\/types\/page"}],"author":[{"embeddable":true,"href":"https:\/\/www.mt2trading.com\/pt-br\/wp-json\/wp\/v2\/users\/10003"}],"replies":[{"embeddable":true,"href":"https:\/\/www.mt2trading.com\/pt-br\/wp-json\/wp\/v2\/comments?post=2618"}],"version-history":[{"count":0,"href":"https:\/\/www.mt2trading.com\/pt-br\/wp-json\/wp\/v2\/pages\/2618\/revisions"}],"wp:attachment":[{"href":"https:\/\/www.mt2trading.com\/pt-br\/wp-json\/wp\/v2\/media?parent=2618"}],"curies":[{"name":"wp","href":"https:\/\/api.w.org\/{rel}","templated":true}]}}