{"id":65819,"date":"2019-07-25T23:39:23","date_gmt":"2019-07-25T22:39:23","guid":{"rendered":"https:\/\/www.mt2trading.com\/automated-binary-options-trading-robot-for-metatrader-4-5\/"},"modified":"2022-11-25T09:27:42","modified_gmt":"2022-11-25T09:27:42","slug":"automated-binary-options-trading-robot-for-metatrader-4-5","status":"publish","type":"page","link":"https:\/\/www.mt2trading.com\/pt-br\/","title":{"rendered":"Rob\u00f4 de op\u00e7\u00f5es bin\u00e1rias automatizado para MetaTrader 4\/5"},"content":{"rendered":"","protected":false},"excerpt":{"rendered":"","protected":false},"author":10003,"featured_media":0,"parent":0,"menu_order":0,"comment_status":"closed","ping_status":"closed","template":"tpl-page-home.php","meta":{"om_disable_all_campaigns":false,"inline_featured_image":false,"_mi_skip_tracking":false,"_monsterinsights_sitenote_active":false,"_monsterinsights_sitenote_note":"","_monsterinsights_sitenote_category":0,"footnotes":""},"class_list":["post-65819","page","type-page","status-publish","hentry"],"acf":[],"aioseo_notices":[],"yoast_head":"<!-- This site is optimized with the Yoast SEO Premium plugin v20.6 (Yoast SEO v21.4) - https:\/\/yoast.com\/wordpress\/plugins\/seo\/ -->\n<title>Rob\u00f4 de op\u00e7\u00f5es bin\u00e1rias para MetaTrader 4\/5<\/title>\n<meta name=\"description\" content=\"Negocia\u00e7\u00e3o autom\u00e1tica usando MetaTrader 4\/5! Utilize seus indicadores com nosso rob\u00f4 de negocia\u00e7\u00f5es de op\u00e7\u00f5es bin\u00e1rias ou Experts com nosso servi\u00e7o CopyTrading!\" \/>\n<meta name=\"robots\" content=\"index, follow, max-snippet:-1, max-image-preview:large, max-video-preview:-1\" \/>\n<link rel=\"canonical\" href=\"https:\/\/www.mt2trading.com\/pt-br\/\" \/>\n<meta property=\"og:locale\" content=\"pt_BR\" \/>\n<meta property=\"og:type\" content=\"article\" \/>\n<meta property=\"og:title\" content=\"Automated Binary Options Trading Robot for MetaTrader 4\/5\" \/>\n<meta property=\"og:description\" content=\"Negocia\u00e7\u00e3o autom\u00e1tica usando MetaTrader 4\/5! Utilize seus indicadores com nosso rob\u00f4 de negocia\u00e7\u00f5es de op\u00e7\u00f5es bin\u00e1rias ou Experts com nosso servi\u00e7o CopyTrading!\" \/>\n<meta property=\"og:url\" content=\"https:\/\/www.mt2trading.com\/pt-br\/\" \/>\n<meta property=\"og:site_name\" content=\"MT2Trading\" \/>\n<meta property=\"article:publisher\" content=\"https:\/\/www.facebook.com\/mt2trading\" \/>\n<meta property=\"article:modified_time\" content=\"2022-11-25T09:27:42+00:00\" \/>\n<meta property=\"og:image\" content=\"https:\/\/www.mt2trading.com\/wp-content\/uploads\/2019\/07\/MT2TRADING-02-200.png\" \/>\n<script type=\"application\/ld+json\" class=\"yoast-schema-graph\">{\"@context\":\"https:\/\/schema.org\",\"@graph\":[{\"@type\":\"WebPage\",\"@id\":\"https:\/\/www.mt2trading.com\/pt-br\/\",\"url\":\"https:\/\/www.mt2trading.com\/pt-br\/\",\"name\":\"Rob\u00f4 de op\u00e7\u00f5es bin\u00e1rias para MetaTrader 4\/5\",\"isPartOf\":{\"@id\":\"https:\/\/www.mt2trading.com\/pt-br\/#website\"},\"datePublished\":\"2019-07-25T22:39:23+00:00\",\"dateModified\":\"2022-11-25T09:27:42+00:00\",\"description\":\"Negocia\u00e7\u00e3o autom\u00e1tica usando MetaTrader 4\/5! Utilize seus indicadores com nosso rob\u00f4 de negocia\u00e7\u00f5es de op\u00e7\u00f5es bin\u00e1rias ou Experts com nosso servi\u00e7o CopyTrading!\",\"breadcrumb\":{\"@id\":\"https:\/\/www.mt2trading.com\/pt-br\/#breadcrumb\"},\"inLanguage\":\"pt-BR\",\"potentialAction\":[{\"@type\":\"ReadAction\",\"target\":[\"https:\/\/www.mt2trading.com\/pt-br\/\"]}]},{\"@type\":\"BreadcrumbList\",\"@id\":\"https:\/\/www.mt2trading.com\/pt-br\/#breadcrumb\",\"itemListElement\":[{\"@type\":\"ListItem\",\"position\":1,\"name\":\"Home\",\"item\":\"https:\/\/www.mt2trading.com\/pt-br\/\"},{\"@type\":\"ListItem\",\"position\":2,\"name\":\"Rob\u00f4 de op\u00e7\u00f5es bin\u00e1rias automatizado para MetaTrader 4\/5\"}]},{\"@type\":\"WebSite\",\"@id\":\"https:\/\/www.mt2trading.com\/pt-br\/#website\",\"url\":\"https:\/\/www.mt2trading.com\/pt-br\/\",\"name\":\"MT2Trading\",\"description\":\"Automated Trading Platform Robot for MetaTrader 4\/5\",\"publisher\":{\"@id\":\"https:\/\/www.mt2trading.com\/pt-br\/#organization\"},\"potentialAction\":[{\"@type\":\"SearchAction\",\"target\":{\"@type\":\"EntryPoint\",\"urlTemplate\":\"https:\/\/www.mt2trading.com\/pt-br\/?s={search_term_string}\"},\"query-input\":\"required name=search_term_string\"}],\"inLanguage\":\"pt-BR\"},{\"@type\":\"Organization\",\"@id\":\"https:\/\/www.mt2trading.com\/pt-br\/#organization\",\"name\":\"MT2 Trading\",\"url\":\"https:\/\/www.mt2trading.com\/pt-br\/\",\"logo\":{\"@type\":\"ImageObject\",\"inLanguage\":\"pt-BR\",\"@id\":\"https:\/\/www.mt2trading.com\/pt-br\/#\/schema\/logo\/image\/\",\"url\":\"https:\/\/www.mt2trading.com\/wp-content\/uploads\/2019\/07\/MT2TRADING-02-200.png\",\"contentUrl\":\"https:\/\/www.mt2trading.com\/wp-content\/uploads\/2019\/07\/MT2TRADING-02-200.png\",\"width\":200,\"height\":200,\"caption\":\"MT2 Trading\"},\"image\":{\"@id\":\"https:\/\/www.mt2trading.com\/pt-br\/#\/schema\/logo\/image\/\"},\"sameAs\":[\"https:\/\/www.facebook.com\/mt2trading\",\"https:\/\/www.instagram.com\/mt2trading\",\"https:\/\/www.youtube.com\/channel\/UCXxhCowIGUAcSz-KVNp3QUw\"]}]}<\/script>\n<!-- \/ Yoast SEO Premium plugin. -->","yoast_head_json":{"title":"Rob\u00f4 de op\u00e7\u00f5es bin\u00e1rias para MetaTrader 4\/5","description":"Negocia\u00e7\u00e3o autom\u00e1tica usando MetaTrader 4\/5! Utilize seus indicadores com nosso rob\u00f4 de negocia\u00e7\u00f5es de op\u00e7\u00f5es bin\u00e1rias ou Experts com nosso servi\u00e7o CopyTrading!","robots":{"index":"index","follow":"follow","max-snippet":"max-snippet:-1","max-image-preview":"max-image-preview:large","max-video-preview":"max-video-preview:-1"},"canonical":"https:\/\/www.mt2trading.com\/pt-br\/","og_locale":"pt_BR","og_type":"article","og_title":"Automated Binary Options Trading Robot for MetaTrader 4\/5","og_description":"Negocia\u00e7\u00e3o autom\u00e1tica usando MetaTrader 4\/5! Utilize seus indicadores com nosso rob\u00f4 de negocia\u00e7\u00f5es de op\u00e7\u00f5es bin\u00e1rias ou Experts com nosso servi\u00e7o CopyTrading!","og_url":"https:\/\/www.mt2trading.com\/pt-br\/","og_site_name":"MT2Trading","article_publisher":"https:\/\/www.facebook.com\/mt2trading","article_modified_time":"2022-11-25T09:27:42+00:00","og_image":[{"url":"https:\/\/www.mt2trading.com\/wp-content\/uploads\/2019\/07\/MT2TRADING-02-200.png"}],"schema":{"@context":"https:\/\/schema.org","@graph":[{"@type":"WebPage","@id":"https:\/\/www.mt2trading.com\/pt-br\/","url":"https:\/\/www.mt2trading.com\/pt-br\/","name":"Rob\u00f4 de op\u00e7\u00f5es bin\u00e1rias para MetaTrader 4\/5","isPartOf":{"@id":"https:\/\/www.mt2trading.com\/pt-br\/#website"},"datePublished":"2019-07-25T22:39:23+00:00","dateModified":"2022-11-25T09:27:42+00:00","description":"Negocia\u00e7\u00e3o autom\u00e1tica usando MetaTrader 4\/5! Utilize seus indicadores com nosso rob\u00f4 de negocia\u00e7\u00f5es de op\u00e7\u00f5es bin\u00e1rias ou Experts com nosso servi\u00e7o CopyTrading!","breadcrumb":{"@id":"https:\/\/www.mt2trading.com\/pt-br\/#breadcrumb"},"inLanguage":"pt-BR","potentialAction":[{"@type":"ReadAction","target":["https:\/\/www.mt2trading.com\/pt-br\/"]}]},{"@type":"BreadcrumbList","@id":"https:\/\/www.mt2trading.com\/pt-br\/#breadcrumb","itemListElement":[{"@type":"ListItem","position":1,"name":"Home","item":"https:\/\/www.mt2trading.com\/pt-br\/"},{"@type":"ListItem","position":2,"name":"Rob\u00f4 de op\u00e7\u00f5es bin\u00e1rias automatizado para MetaTrader 4\/5"}]},{"@type":"WebSite","@id":"https:\/\/www.mt2trading.com\/pt-br\/#website","url":"https:\/\/www.mt2trading.com\/pt-br\/","name":"MT2Trading","description":"Automated Trading Platform Robot for MetaTrader 4\/5","publisher":{"@id":"https:\/\/www.mt2trading.com\/pt-br\/#organization"},"potentialAction":[{"@type":"SearchAction","target":{"@type":"EntryPoint","urlTemplate":"https:\/\/www.mt2trading.com\/pt-br\/?s={search_term_string}"},"query-input":"required name=search_term_string"}],"inLanguage":"pt-BR"},{"@type":"Organization","@id":"https:\/\/www.mt2trading.com\/pt-br\/#organization","name":"MT2 Trading","url":"https:\/\/www.mt2trading.com\/pt-br\/","logo":{"@type":"ImageObject","inLanguage":"pt-BR","@id":"https:\/\/www.mt2trading.com\/pt-br\/#\/schema\/logo\/image\/","url":"https:\/\/www.mt2trading.com\/wp-content\/uploads\/2019\/07\/MT2TRADING-02-200.png","contentUrl":"https:\/\/www.mt2trading.com\/wp-content\/uploads\/2019\/07\/MT2TRADING-02-200.png","width":200,"height":200,"caption":"MT2 Trading"},"image":{"@id":"https:\/\/www.mt2trading.com\/pt-br\/#\/schema\/logo\/image\/"},"sameAs":["https:\/\/www.facebook.com\/mt2trading","https:\/\/www.instagram.com\/mt2trading","https:\/\/www.youtube.com\/channel\/UCXxhCowIGUAcSz-KVNp3QUw"]}]}},"_links":{"self":[{"href":"https:\/\/www.mt2trading.com\/pt-br\/wp-json\/wp\/v2\/pages\/65819","targetHints":{"allow":["GET"]}}],"collection":[{"href":"https:\/\/www.mt2trading.com\/pt-br\/wp-json\/wp\/v2\/pages"}],"about":[{"href":"https:\/\/www.mt2trading.com\/pt-br\/wp-json\/wp\/v2\/types\/page"}],"author":[{"embeddable":true,"href":"https:\/\/www.mt2trading.com\/pt-br\/wp-json\/wp\/v2\/users\/10003"}],"replies":[{"embeddable":true,"href":"https:\/\/www.mt2trading.com\/pt-br\/wp-json\/wp\/v2\/comments?post=65819"}],"version-history":[{"count":0,"href":"https:\/\/www.mt2trading.com\/pt-br\/wp-json\/wp\/v2\/pages\/65819\/revisions"}],"wp:attachment":[{"href":"https:\/\/www.mt2trading.com\/pt-br\/wp-json\/wp\/v2\/media?parent=65819"}],"curies":[{"name":"wp","href":"https:\/\/api.w.org\/{rel}","templated":true}]}}