{"id":65847,"date":"2020-10-03T19:21:23","date_gmt":"2020-10-03T18:21:23","guid":{"rendered":"https:\/\/www.mt2trading.com\/funcionalidades-2\/social-copytrading\/"},"modified":"2020-11-03T22:43:42","modified_gmt":"2020-11-03T22:43:42","slug":"social-copytrading","status":"publish","type":"page","link":"https:\/\/www.mt2trading.com\/pt-br\/funcionalidades-2\/social-copytrading\/","title":{"rendered":"Social CopyTrading"},"content":{"rendered":"","protected":false},"excerpt":{"rendered":"","protected":false},"author":956,"featured_media":0,"parent":63758,"menu_order":0,"comment_status":"closed","ping_status":"closed","template":"tpl-page-feature-one.php","meta":{"om_disable_all_campaigns":false,"inline_featured_image":false,"_mi_skip_tracking":false,"_monsterinsights_sitenote_active":false,"_monsterinsights_sitenote_note":"","_monsterinsights_sitenote_category":0,"footnotes":""},"class_list":["post-65847","page","type-page","status-publish","hentry"],"acf":[],"aioseo_notices":[],"yoast_head":"<!-- This site is optimized with the Yoast SEO Premium plugin v20.6 (Yoast SEO v21.4) - https:\/\/yoast.com\/wordpress\/plugins\/seo\/ -->\n<title>Social CopyTrading - MT2Trading<\/title>\n<meta name=\"description\" content=\"Copie negociadores especializados em Op\u00e7\u00f5es Bin\u00e1rias facilmente com nosso Social CopyTrading. Escolha seus negociadores de sucesso e copie seus sinais lucrativos.\" \/>\n<meta name=\"robots\" content=\"index, follow, max-snippet:-1, max-image-preview:large, max-video-preview:-1\" \/>\n<link rel=\"canonical\" href=\"https:\/\/www.mt2trading.com\/pt-br\/funcionalidades-2\/social-copytrading\/\" \/>\n<meta property=\"og:locale\" content=\"pt_BR\" \/>\n<meta property=\"og:type\" content=\"article\" \/>\n<meta property=\"og:title\" content=\"Social CopyTrading\" \/>\n<meta property=\"og:description\" content=\"Copie negociadores especializados em Op\u00e7\u00f5es Bin\u00e1rias facilmente com nosso Social CopyTrading. Escolha seus negociadores de sucesso e copie seus sinais lucrativos.\" \/>\n<meta property=\"og:url\" content=\"https:\/\/www.mt2trading.com\/pt-br\/funcionalidades-2\/social-copytrading\/\" \/>\n<meta property=\"og:site_name\" content=\"MT2Trading\" \/>\n<meta property=\"article:publisher\" content=\"https:\/\/www.facebook.com\/mt2trading\" \/>\n<meta property=\"article:modified_time\" content=\"2020-11-03T22:43:42+00:00\" \/>\n<meta property=\"og:image\" content=\"https:\/\/www.mt2trading.com\/wp-content\/uploads\/2019\/07\/MT2TRADING-02-200.png\" \/>\n\t<meta property=\"og:image:width\" content=\"200\" \/>\n\t<meta property=\"og:image:height\" content=\"200\" \/>\n\t<meta property=\"og:image:type\" content=\"image\/png\" \/>\n<script type=\"application\/ld+json\" class=\"yoast-schema-graph\">{\"@context\":\"https:\/\/schema.org\",\"@graph\":[{\"@type\":\"WebPage\",\"@id\":\"https:\/\/www.mt2trading.com\/pt-br\/funcionalidades-2\/social-copytrading\/\",\"url\":\"https:\/\/www.mt2trading.com\/pt-br\/funcionalidades-2\/social-copytrading\/\",\"name\":\"Social CopyTrading - MT2Trading\",\"isPartOf\":{\"@id\":\"https:\/\/www.mt2trading.com\/pt-br\/#website\"},\"datePublished\":\"2020-10-03T18:21:23+00:00\",\"dateModified\":\"2020-11-03T22:43:42+00:00\",\"description\":\"Copie negociadores especializados em Op\u00e7\u00f5es Bin\u00e1rias facilmente com nosso Social CopyTrading. Escolha seus negociadores de sucesso e copie seus sinais lucrativos.\",\"breadcrumb\":{\"@id\":\"https:\/\/www.mt2trading.com\/pt-br\/funcionalidades-2\/social-copytrading\/#breadcrumb\"},\"inLanguage\":\"pt-BR\",\"potentialAction\":[{\"@type\":\"ReadAction\",\"target\":[\"https:\/\/www.mt2trading.com\/pt-br\/funcionalidades-2\/social-copytrading\/\"]}]},{\"@type\":\"BreadcrumbList\",\"@id\":\"https:\/\/www.mt2trading.com\/pt-br\/funcionalidades-2\/social-copytrading\/#breadcrumb\",\"itemListElement\":[{\"@type\":\"ListItem\",\"position\":1,\"name\":\"Home\",\"item\":\"https:\/\/www.mt2trading.com\/pt-br\/\"},{\"@type\":\"ListItem\",\"position\":2,\"name\":\"Funcionalidades\",\"item\":\"https:\/\/www.mt2trading.com\/pt-br\/funcionalidades-2\/\"},{\"@type\":\"ListItem\",\"position\":3,\"name\":\"Social CopyTrading\"}]},{\"@type\":\"WebSite\",\"@id\":\"https:\/\/www.mt2trading.com\/pt-br\/#website\",\"url\":\"https:\/\/www.mt2trading.com\/pt-br\/\",\"name\":\"MT2Trading\",\"description\":\"Automated Trading Platform Robot for MetaTrader 4\/5\",\"publisher\":{\"@id\":\"https:\/\/www.mt2trading.com\/pt-br\/#organization\"},\"potentialAction\":[{\"@type\":\"SearchAction\",\"target\":{\"@type\":\"EntryPoint\",\"urlTemplate\":\"https:\/\/www.mt2trading.com\/pt-br\/?s={search_term_string}\"},\"query-input\":\"required name=search_term_string\"}],\"inLanguage\":\"pt-BR\"},{\"@type\":\"Organization\",\"@id\":\"https:\/\/www.mt2trading.com\/pt-br\/#organization\",\"name\":\"MT2 Trading\",\"url\":\"https:\/\/www.mt2trading.com\/pt-br\/\",\"logo\":{\"@type\":\"ImageObject\",\"inLanguage\":\"pt-BR\",\"@id\":\"https:\/\/www.mt2trading.com\/pt-br\/#\/schema\/logo\/image\/\",\"url\":\"https:\/\/www.mt2trading.com\/wp-content\/uploads\/2019\/07\/MT2TRADING-02-200.png\",\"contentUrl\":\"https:\/\/www.mt2trading.com\/wp-content\/uploads\/2019\/07\/MT2TRADING-02-200.png\",\"width\":200,\"height\":200,\"caption\":\"MT2 Trading\"},\"image\":{\"@id\":\"https:\/\/www.mt2trading.com\/pt-br\/#\/schema\/logo\/image\/\"},\"sameAs\":[\"https:\/\/www.facebook.com\/mt2trading\",\"https:\/\/www.instagram.com\/mt2trading\",\"https:\/\/www.youtube.com\/channel\/UCXxhCowIGUAcSz-KVNp3QUw\"]}]}<\/script>\n<!-- \/ Yoast SEO Premium plugin. -->","yoast_head_json":{"title":"Social CopyTrading - MT2Trading","description":"Copie negociadores especializados em Op\u00e7\u00f5es Bin\u00e1rias facilmente com nosso Social CopyTrading. Escolha seus negociadores de sucesso e copie seus sinais lucrativos.","robots":{"index":"index","follow":"follow","max-snippet":"max-snippet:-1","max-image-preview":"max-image-preview:large","max-video-preview":"max-video-preview:-1"},"canonical":"https:\/\/www.mt2trading.com\/pt-br\/funcionalidades-2\/social-copytrading\/","og_locale":"pt_BR","og_type":"article","og_title":"Social CopyTrading","og_description":"Copie negociadores especializados em Op\u00e7\u00f5es Bin\u00e1rias facilmente com nosso Social CopyTrading. Escolha seus negociadores de sucesso e copie seus sinais lucrativos.","og_url":"https:\/\/www.mt2trading.com\/pt-br\/funcionalidades-2\/social-copytrading\/","og_site_name":"MT2Trading","article_publisher":"https:\/\/www.facebook.com\/mt2trading","article_modified_time":"2020-11-03T22:43:42+00:00","og_image":[{"width":200,"height":200,"url":"https:\/\/www.mt2trading.com\/wp-content\/uploads\/2019\/07\/MT2TRADING-02-200.png","type":"image\/png"}],"schema":{"@context":"https:\/\/schema.org","@graph":[{"@type":"WebPage","@id":"https:\/\/www.mt2trading.com\/pt-br\/funcionalidades-2\/social-copytrading\/","url":"https:\/\/www.mt2trading.com\/pt-br\/funcionalidades-2\/social-copytrading\/","name":"Social CopyTrading - MT2Trading","isPartOf":{"@id":"https:\/\/www.mt2trading.com\/pt-br\/#website"},"datePublished":"2020-10-03T18:21:23+00:00","dateModified":"2020-11-03T22:43:42+00:00","description":"Copie negociadores especializados em Op\u00e7\u00f5es Bin\u00e1rias facilmente com nosso Social CopyTrading. Escolha seus negociadores de sucesso e copie seus sinais lucrativos.","breadcrumb":{"@id":"https:\/\/www.mt2trading.com\/pt-br\/funcionalidades-2\/social-copytrading\/#breadcrumb"},"inLanguage":"pt-BR","potentialAction":[{"@type":"ReadAction","target":["https:\/\/www.mt2trading.com\/pt-br\/funcionalidades-2\/social-copytrading\/"]}]},{"@type":"BreadcrumbList","@id":"https:\/\/www.mt2trading.com\/pt-br\/funcionalidades-2\/social-copytrading\/#breadcrumb","itemListElement":[{"@type":"ListItem","position":1,"name":"Home","item":"https:\/\/www.mt2trading.com\/pt-br\/"},{"@type":"ListItem","position":2,"name":"Funcionalidades","item":"https:\/\/www.mt2trading.com\/pt-br\/funcionalidades-2\/"},{"@type":"ListItem","position":3,"name":"Social CopyTrading"}]},{"@type":"WebSite","@id":"https:\/\/www.mt2trading.com\/pt-br\/#website","url":"https:\/\/www.mt2trading.com\/pt-br\/","name":"MT2Trading","description":"Automated Trading Platform Robot for MetaTrader 4\/5","publisher":{"@id":"https:\/\/www.mt2trading.com\/pt-br\/#organization"},"potentialAction":[{"@type":"SearchAction","target":{"@type":"EntryPoint","urlTemplate":"https:\/\/www.mt2trading.com\/pt-br\/?s={search_term_string}"},"query-input":"required name=search_term_string"}],"inLanguage":"pt-BR"},{"@type":"Organization","@id":"https:\/\/www.mt2trading.com\/pt-br\/#organization","name":"MT2 Trading","url":"https:\/\/www.mt2trading.com\/pt-br\/","logo":{"@type":"ImageObject","inLanguage":"pt-BR","@id":"https:\/\/www.mt2trading.com\/pt-br\/#\/schema\/logo\/image\/","url":"https:\/\/www.mt2trading.com\/wp-content\/uploads\/2019\/07\/MT2TRADING-02-200.png","contentUrl":"https:\/\/www.mt2trading.com\/wp-content\/uploads\/2019\/07\/MT2TRADING-02-200.png","width":200,"height":200,"caption":"MT2 Trading"},"image":{"@id":"https:\/\/www.mt2trading.com\/pt-br\/#\/schema\/logo\/image\/"},"sameAs":["https:\/\/www.facebook.com\/mt2trading","https:\/\/www.instagram.com\/mt2trading","https:\/\/www.youtube.com\/channel\/UCXxhCowIGUAcSz-KVNp3QUw"]}]}},"_links":{"self":[{"href":"https:\/\/www.mt2trading.com\/pt-br\/wp-json\/wp\/v2\/pages\/65847","targetHints":{"allow":["GET"]}}],"collection":[{"href":"https:\/\/www.mt2trading.com\/pt-br\/wp-json\/wp\/v2\/pages"}],"about":[{"href":"https:\/\/www.mt2trading.com\/pt-br\/wp-json\/wp\/v2\/types\/page"}],"author":[{"embeddable":true,"href":"https:\/\/www.mt2trading.com\/pt-br\/wp-json\/wp\/v2\/users\/956"}],"replies":[{"embeddable":true,"href":"https:\/\/www.mt2trading.com\/pt-br\/wp-json\/wp\/v2\/comments?post=65847"}],"version-history":[{"count":0,"href":"https:\/\/www.mt2trading.com\/pt-br\/wp-json\/wp\/v2\/pages\/65847\/revisions"}],"up":[{"embeddable":true,"href":"https:\/\/www.mt2trading.com\/pt-br\/wp-json\/wp\/v2\/pages\/63758"}],"wp:attachment":[{"href":"https:\/\/www.mt2trading.com\/pt-br\/wp-json\/wp\/v2\/media?parent=65847"}],"curies":[{"name":"wp","href":"https:\/\/api.w.org\/{rel}","templated":true}]}}